{"id":78,"date":"2017-12-12T11:24:21","date_gmt":"2017-12-12T15:24:21","guid":{"rendered":"http:\/\/ayuntamiento.guineo\/transparencia\/?page_id=78"},"modified":"2022-01-06T15:24:27","modified_gmt":"2022-01-06T19:24:27","slug":"definicion-oaim-oficina-de-acceso-a-la-informacion-municipal","status":"publish","type":"page","link":"https:\/\/distritomunicipallacuaba.gob.do\/transparencia\/definicion-oaim-oficina-de-acceso-a-la-informacion-municipal\/","title":{"rendered":"Definici\u00f3n OAIM (Oficina de Acceso a la Informaci\u00f3n Municipal)"},"content":{"rendered":"<p><strong>Definici\u00f3n OAI (Oficina de Acceso a la Informaci\u00f3n)<\/strong><\/p>\n<p>La Oficina de Acceso a la Informaci\u00f3n (OAI), es un mandato de la Ley General de Libre Acceso a la Informaci\u00f3n P\u00fablica Ley 200-04 y el Decreto No. 130-05 que crea el reglamento de dicha ley, con el objetivo de apoyar a entidades y personas tanto p\u00fablicas como privadas mediante las informaciones solicitadas.<\/p>\n<p><strong>MISION<\/strong>: Promover el desarrollo y la integraci\u00f3n\u00a0 del territorio, el mejoramiento sociocultural de sus\u00a0 habitantes,\u00a0 Adem\u00e1s \u00a0garantizar el acceso a cada uno de los usuarios a las informaciones sobre nuestra\u00a0 gesti\u00f3n como forma\u00a0 de validar la\u00a0 trasparencia de la instituci\u00f3n;\u00a0 \u00a0y la participaci\u00f3n efectiva de las comunidades\u00a0 en el manejo de los asunto\u00a0 p\u00fablicos\u00a0 locales, a los\u00a0 fines\u00a0 de obtener\u00a0 como resultado mejorar\u00a0 la calidad\u00a0 de vida, preservar el medio ambiente,\u00a0 los patrimonios\u00a0 hist\u00f3ricos\u00a0 y culturales, as\u00ed como la protecci\u00f3n de los espacios\u00a0 de dominios\u00a0 p\u00fablicos.<\/p>\n<p><strong>VISION<\/strong>: Lograr una\u00a0 instituci\u00f3n dedicada fundamentalmente al desarrollo integral del Distrito Municipal La Cuaba, conocedora y ejecutora de sus\u00a0 competencia gestoras, junto a sus\u00a0 mun\u00edcipes de las ejecutorias\u00a0 compentes de otros\u00a0 sectores gubernamentales y\/o sociales.<\/p>\n<p><strong>Definici\u00f3n RAI<\/strong><\/p>\n<p>El representante de Acceso a la Informaci\u00f3n, es el responsable de tramitar y facilitar las informaciones requeridas y de ser el canal de comunicaci\u00f3n entre la instituci\u00f3n, ciudadanos y ciudadanas.<\/p>\n<p><strong>Proceso de Solicitud de Informaci\u00f3n:<\/strong><\/p>\n<ul>\n<li>Completar el formulario de solicitud de informaci\u00f3n.<\/li>\n<li>Se procede a la revisi\u00f3n de dicho documento con la finalidad de verificar que est\u00e1 debidamente completada(o).<\/li>\n<li>Se hace entrega de acuse de recibo al solicitante.<\/li>\n<li>Seg\u00fan la complejidad de la informaci\u00f3n, se asigna una fecha de entrega. En caso de no ser la OPTIC la entidad competente para ofrecer la informaci\u00f3n requerida, dicha solicitud se refiere a la instituci\u00f3n correspondiente y se le informa al solicitante, el curso que ha tomado su solicitud y la instituci\u00f3n destinataria.<\/li>\n<li>Seguimiento de la(s) solicitud(es) hasta confirmar que se ha suministrado la informaci\u00f3n.<\/li>\n<\/ul>\n","protected":false},"excerpt":{"rendered":"Definici\u00f3n OAI (Oficina de Acceso a la Informaci\u00f3n) La Oficina de Acceso a la Informaci\u00f3n (OAI), es un mandato de la Ley General de Libre Acceso a la Informaci\u00f3n P\u00fablica Ley 200-04 y el Decreto No. 130-05 que crea el reglamento de dicha ley, con el objetivo de apoyar a entidades y personas tanto p\u00fablicas&#8230;","protected":false},"author":4,"featured_media":0,"parent":0,"menu_order":0,"comment_status":"closed","ping_status":"closed","template":"","meta":[],"_links":{"self":[{"href":"https:\/\/distritomunicipallacuaba.gob.do\/transparencia\/wp-json\/wp\/v2\/pages\/78"}],"collection":[{"href":"https:\/\/distritomunicipallacuaba.gob.do\/transparencia\/wp-json\/wp\/v2\/pages"}],"about":[{"href":"https:\/\/distritomunicipallacuaba.gob.do\/transparencia\/wp-json\/wp\/v2\/types\/page"}],"author":[{"embeddable":true,"href":"https:\/\/distritomunicipallacuaba.gob.do\/transparencia\/wp-json\/wp\/v2\/users\/4"}],"replies":[{"embeddable":true,"href":"https:\/\/distritomunicipallacuaba.gob.do\/transparencia\/wp-json\/wp\/v2\/comments?post=78"}],"version-history":[{"count":4,"href":"https:\/\/distritomunicipallacuaba.gob.do\/transparencia\/wp-json\/wp\/v2\/pages\/78\/revisions"}],"predecessor-version":[{"id":381,"href":"https:\/\/distritomunicipallacuaba.gob.do\/transparencia\/wp-json\/wp\/v2\/pages\/78\/revisions\/381"}],"wp:attachment":[{"href":"https:\/\/distritomunicipallacuaba.gob.do\/transparencia\/wp-json\/wp\/v2\/media?parent=78"}],"curies":[{"name":"wp","href":"https:\/\/api.w.org\/{rel}","templated":true}]}}